{"id":2393,"date":"2016-04-20T12:37:53","date_gmt":"2016-04-20T10:37:53","guid":{"rendered":"http:\/\/www.gizgraphics.ch\/?page_id=2393"},"modified":"2020-02-21T12:21:02","modified_gmt":"2020-02-21T10:21:02","slug":"impressum","status":"publish","type":"page","link":"http:\/\/www.gizgraphics.ch\/?page_id=2393","title":{"rendered":"Impressum"},"content":{"rendered":"<div class=\"wpb-content-wrapper\"><p>[vc_row css=&#8220;.vc_custom_1461838180726{margin-bottom: 0px !important;border-bottom-width: 0px !important;padding-bottom: 0px !important;}&#8220;][vc_column][vc_custom_heading text=&#8220;Impressum&#8220; use_theme_fonts=&#8220;yes&#8220;][vc_separator color=&#8220;custom&#8220; align=&#8220;align_left&#8220; border_width=&#8220;4&#8243; el_width=&#8220;20&#8243; accent_color=&#8220;#00a295&#8243;][vc_column_text]<\/p>\n<p class=\"rcontent\">GiZGRAPHICS wurde am 1. Januar 2000 gegr\u00fcndet, ist eine Einzelfirma mit Sitz in Basel-Stadt und bietet <span id=\"purpose\">Dienstleistungen, Beratungen und Handel in den Bereichen Marketing, Werbung und Kommunikation an. <\/span>Handelsregister-Nummer: CH-270.1.018.093-2<\/p>\n<div class=\"row\"><\/div>\n<p><span id=\"purpose\">\u00a0<\/span>[\/vc_column_text][\/vc_column][\/vc_row][vc_row css=&#8220;.vc_custom_1461838170616{margin-top: 0px !important;margin-bottom: 0px !important;border-top-width: 0px !important;border-bottom-width: 0px !important;padding-top: 0px !important;padding-bottom: 0px !important;}&#8220;][vc_column width=&#8220;1\/2&#8243;][vc_column_text]<\/p>\n<div class=\"standard_wrapper\">\n<div class=\"one_third withsmallpadding ppb_text\" style=\"padding: 30px 0 30px 0;\">\n<div class=\"standard_wrapper\">\n<div class=\"page_content_wrapper\">\n<div class=\"inner\">\n<div style=\"margin: auto; width: 100%;\">\n<h4><strong>Kontakt<\/strong><\/h4>\n<p>GiZGRAPHICS<br \/>\nGuido Happle<br \/>\nPeterskirchplatz 14<br \/>\nCH-4051 Basel<br \/>\nT: +41 (0) 61 301 56 12<br \/>\nM: +41 (0) 76 330 56 12<br \/>\ninfo@gizgraphics.ch<\/p>\n<\/div>\n<\/div>\n<\/div>\n<\/div>\n<\/div>\n<\/div>\n<p>[\/vc_column_text][\/vc_column][vc_column width=&#8220;1\/2&#8243;][vc_column_text]<\/p>\n<div class=\"standard_wrapper\">\n<div class=\"one_third withsmallpadding ppb_text\" style=\"padding: 30px 0 30px 0;\">\n<div class=\"standard_wrapper\">\n<div class=\"page_content_wrapper\">\n<div class=\"inner\">\n<div style=\"margin: auto; width: 100%;\">\n<h4><strong>Quellenangabe Bilder<\/strong><\/h4>\n<ul>\n<li>\u00a9 Fotolia kozirsky<\/li>\n<li>\u00a9 Fotolia Henry Schmitt<\/li>\n<li>\u00a9 GiZGRAPHICS<\/li>\n<\/ul>\n<\/div>\n<\/div>\n<\/div>\n<\/div>\n<\/div>\n<\/div>\n<p>[\/vc_column_text][\/vc_column][\/vc_row][vc_row css=&#8220;.vc_custom_1461826013170{margin-top: 0px !important;border-top-width: 0px !important;padding-top: 0px !important;}&#8220;][vc_column css=&#8220;.vc_custom_1461826570348{margin-top: 0px !important;border-top-width: 0px !important;padding-top: 0px !important;}&#8220;][vc_column_text]<\/p>\n<h4><strong>Disclaimer<\/strong><\/h4>\n<p><strong>Copyright<\/strong><\/p>\n<p>Inhalt, Informationen und das Material der Website GiZGRAPHICS (GG) sind urheberrechtlich gesch\u00fctzt. GG l\u00e4sst die Vervielf\u00e4ltigung des Inhalts, der Informationen und des Materials der Website nur f\u00fcr den pers\u00f6nlichen, nicht-kommerziellen Gebrauch zu. Im \u00dcbrigen sind die Vervielf\u00e4ltigung, Distribution, \u00c4nderungen und Weitergabe des Inhalts, der Informationen und des Materials auf dieser Website ohne die Zustimmung von GG untersagt.<\/p>\n<div class=\"one withsmallpadding ppb_text\" style=\"padding: 30px 0 30px 0;\">\n<div class=\"standard_wrapper\">\n<div class=\"page_content_wrapper\">\n<div class=\"inner\">\n<div style=\"margin: auto; width: 100%;\">\n<h5>Haftungsausschluss<\/h5>\n<p>GG erstellt die Website und die darin enthaltenen Informationen mit gr\u00f6sstm\u00f6glicher Sorgfalt. Alle Informationen auf der Website von GG erfolgen ohne Gew\u00e4hr f\u00fcr ihre Richtigkeit. Es wird keine Haftung f\u00fcr die Verwendung der Website und der darin enthaltenen Informationen \u00fcbernommen.<br \/>\nGG\u00a0\u00fcbernimmt ebenso keine Haftung f\u00fcr die Inhalte anderer Websites, die Sie \u00fcber Links besuchen k\u00f6nnen oder von denen aus auf diese Website hingewiesen wird. Hierbei handelt es sich um fremde Angebote, auf deren inhaltliche Gestaltung GG keinen Einfluss hat, und f\u00fcr das GG nicht verantwortlich ist.<\/p>\n<p>&nbsp;<\/p>\n<p><strong>Kommunikation via E-Mail<\/strong><\/p>\n<p>GG weist Sie darauf hin, dass die Kommunikation via E-Mail nicht immer sicher ist.<\/p>\n<\/div>\n<\/div>\n<\/div>\n<\/div>\n<\/div>\n<p>[\/vc_column_text][\/vc_column][\/vc_row][vc_row color_scheme=&#8220;white&#8220; css=&#8220;.vc_custom_1461701012923{margin-top: 0px !important;margin-bottom: 0px !important;border-top-width: 0px !important;border-bottom-width: 0px !important;padding-top: 10px !important;padding-bottom: 5px !important;background-color: #00a295 !important;}&#8220;][vc_column]<div class=\"vntd-special-heading special-heading-align-center heading-no-separator\" style=\"margin-bottom:10px;\"><h1 class=\"header  font-primary uppercase font-size-30 font-primary font-weight-default\" ><\/h1><\/div>[\/vc_column][\/vc_row]<\/p>\n<\/div>","protected":false},"excerpt":{"rendered":"<p>[vc_row css=&#8220;.vc_custom_1461838180726{margin-bottom: 0px !important;border-bottom-width: 0px !important;padding-bottom: 0px !important;}&#8220;][vc_column][vc_custom_heading text=&#8220;Impressum&#8220; use_theme_fonts=&#8220;yes&#8220;][vc_separator color=&#8220;custom&#8220; align=&#8220;align_left&#8220; border_width=&#8220;4&#8243; el_width=&#8220;20&#8243; accent_color=&#8220;#00a295&#8243;][vc_column_text] GiZGRAPHICS wurde am 1. Januar 2000 gegr\u00fcndet, ist eine Einzelfirma mit Sitz in Basel-Stadt und bietet Dienstleistungen, Beratungen und Handel in den Bereichen Marketing, Werbung und Kommunikation an. Handelsregister-Nummer: CH-270.1.018.093-2 \u00a0[\/vc_column_text][\/vc_column][\/vc_row][vc_row css=&#8220;.vc_custom_1461838170616{margin-top: 0px !important;margin-bottom: 0px [&hellip;]<\/p>\n","protected":false},"author":3,"featured_media":0,"parent":0,"menu_order":0,"comment_status":"closed","ping_status":"closed","template":"","meta":{"footnotes":""},"class_list":["post-2393","page","type-page","status-publish","hentry"],"_links":{"self":[{"href":"http:\/\/www.gizgraphics.ch\/index.php?rest_route=\/wp\/v2\/pages\/2393","targetHints":{"allow":["GET"]}}],"collection":[{"href":"http:\/\/www.gizgraphics.ch\/index.php?rest_route=\/wp\/v2\/pages"}],"about":[{"href":"http:\/\/www.gizgraphics.ch\/index.php?rest_route=\/wp\/v2\/types\/page"}],"author":[{"embeddable":true,"href":"http:\/\/www.gizgraphics.ch\/index.php?rest_route=\/wp\/v2\/users\/3"}],"replies":[{"embeddable":true,"href":"http:\/\/www.gizgraphics.ch\/index.php?rest_route=%2Fwp%2Fv2%2Fcomments&post=2393"}],"version-history":[{"count":26,"href":"http:\/\/www.gizgraphics.ch\/index.php?rest_route=\/wp\/v2\/pages\/2393\/revisions"}],"predecessor-version":[{"id":3898,"href":"http:\/\/www.gizgraphics.ch\/index.php?rest_route=\/wp\/v2\/pages\/2393\/revisions\/3898"}],"wp:attachment":[{"href":"http:\/\/www.gizgraphics.ch\/index.php?rest_route=%2Fwp%2Fv2%2Fmedia&parent=2393"}],"curies":[{"name":"wp","href":"https:\/\/api.w.org\/{rel}","templated":true}]}}